{"id":12058,"date":"2016-06-29T10:09:19","date_gmt":"2016-06-29T10:09:19","guid":{"rendered":"http:\/\/www.ikude.net\/?page_id=12058"},"modified":"2022-07-27T16:28:02","modified_gmt":"2022-07-27T16:28:02","slug":"inicio","status":"publish","type":"page","link":"https:\/\/www.ikude.net\/","title":{"rendered":"Inicio"},"content":{"rendered":"<div class=\"fusion-fullwidth fullwidth-box fusion-builder-row-1 fusion-flex-container nonhundred-percent-fullwidth non-hundred-percent-height-scrolling\" style=\"--awb-border-radius-top-left:0px;--awb-border-radius-top-right:0px;--awb-border-radius-bottom-right:0px;--awb-border-radius-bottom-left:0px;--awb-margin-top:3%;--awb-margin-bottom:3%;--awb-flex-wrap:wrap;\" ><div class=\"fusion-builder-row fusion-row fusion-flex-align-items-flex-start fusion-flex-content-wrap\" style=\"max-width:1289.6px;margin-left: calc(-4% \/ 2 );margin-right: calc(-4% \/ 2 );\"><div class=\"fusion-layout-column fusion_builder_column fusion-builder-column-0 fusion_builder_column_1_1 1_1 fusion-flex-column\" style=\"--awb-bg-size:cover;--awb-width-large:100%;--awb-margin-top-large:0px;--awb-spacing-right-large:1.92%;--awb-margin-bottom-large:0px;--awb-spacing-left-large:1.92%;--awb-width-medium:100%;--awb-spacing-right-medium:1.92%;--awb-spacing-left-medium:1.92%;--awb-width-small:100%;--awb-spacing-right-small:1.92%;--awb-spacing-left-small:1.92%;\"><div class=\"fusion-column-wrapper fusion-flex-justify-content-flex-start fusion-content-layout-column\"><div class=\"fusion-text fusion-text-1\" style=\"--awb-margin-right:8%;--awb-margin-left:8%;\"><p class=\"p1\"><span class=\"s1\">Nuestra idea del servicio consiste en desarrollar un proyecto de asesor\u00eda empresarial claramente diferenciado, basado en un servicio altamente profesional y personalizado que sirva para mejorar la gesti\u00f3n de la empresa y dotar a la misma de la informaci\u00f3n necesaria para adoptar las decisiones adecuadas.<\/span><\/p>\n<p class=\"p1\"><span class=\"s1\">Nuestros servicios est\u00e1n orientados a la peque\u00f1a y mediana empresa, donde el apoyo en la gesti\u00f3n y en la toma de decisiones juega un papel fundamental en el crecimiento y estabilidad de la misma.<\/span><\/p>\n<p class=\"p1\"><span class=\"s1\">Aunque los servicios de iKUDE est\u00e1n, fundamentalmente orientados hacia el asesoramiento integral y personalizado, si el cliente as\u00ed lo requiere, podemos ofrecer los servicios b\u00e1sicos de asesoramiento empresarial con un alto nivel de profesionalidad.<\/span><\/p>\n<\/div><\/div><\/div><\/div><\/div>\n","protected":false},"excerpt":{"rendered":"","protected":false},"author":1,"featured_media":0,"parent":0,"menu_order":0,"comment_status":"closed","ping_status":"open","template":"100-width.php","meta":{"footnotes":""},"class_list":["post-12058","page","type-page","status-publish","hentry"],"_links":{"self":[{"href":"https:\/\/www.ikude.net\/index.php?rest_route=\/wp\/v2\/pages\/12058","targetHints":{"allow":["GET"]}}],"collection":[{"href":"https:\/\/www.ikude.net\/index.php?rest_route=\/wp\/v2\/pages"}],"about":[{"href":"https:\/\/www.ikude.net\/index.php?rest_route=\/wp\/v2\/types\/page"}],"author":[{"embeddable":true,"href":"https:\/\/www.ikude.net\/index.php?rest_route=\/wp\/v2\/users\/1"}],"replies":[{"embeddable":true,"href":"https:\/\/www.ikude.net\/index.php?rest_route=%2Fwp%2Fv2%2Fcomments&post=12058"}],"version-history":[{"count":23,"href":"https:\/\/www.ikude.net\/index.php?rest_route=\/wp\/v2\/pages\/12058\/revisions"}],"predecessor-version":[{"id":12826,"href":"https:\/\/www.ikude.net\/index.php?rest_route=\/wp\/v2\/pages\/12058\/revisions\/12826"}],"wp:attachment":[{"href":"https:\/\/www.ikude.net\/index.php?rest_route=%2Fwp%2Fv2%2Fmedia&parent=12058"}],"curies":[{"name":"wp","href":"https:\/\/api.w.org\/{rel}","templated":true}]}}